{"id":3423,"date":"2024-04-19T12:31:44","date_gmt":"2024-04-19T10:31:44","guid":{"rendered":"https:\/\/votreavis.novacel-optical.com\/?page_id=3423"},"modified":"2024-04-22T10:28:43","modified_gmt":"2024-04-22T08:28:43","slug":"easy-max","status":"publish","type":"page","link":"https:\/\/votreavis.novacel-optical.com\/de\/easy-max\/","title":{"rendered":"Easy Max\u00ae"},"content":{"rendered":"\t\t<div data-elementor-type=\"wp-page\" data-elementor-id=\"3423\" class=\"elementor elementor-3423\" data-elementor-post-type=\"page\">\n\t\t\t\t\t\t<section class=\"elementor-section elementor-top-section elementor-element elementor-element-6fe1ad8 animated-slow elementor-section-full_width elementor-section-stretched elementor-section-height-default elementor-section-height-default elementor-invisible\" data-id=\"6fe1ad8\" data-element_type=\"section\" data-e-type=\"section\" data-settings=\"{&quot;background_background&quot;:&quot;classic&quot;,&quot;animation&quot;:&quot;fadeIn&quot;,&quot;stretch_section&quot;:&quot;section-stretched&quot;,&quot;background_motion_fx_motion_fx_scrolling&quot;:&quot;yes&quot;,&quot;background_motion_fx_devices&quot;:[&quot;desktop&quot;,&quot;tablet&quot;,&quot;mobile&quot;]}\">\n\t\t\t\t\t\t<div class=\"elementor-container elementor-column-gap-default\">\n\t\t\t\t\t<div class=\"elementor-column elementor-col-100 elementor-top-column elementor-element elementor-element-22641f0\" data-id=\"22641f0\" data-element_type=\"column\" data-e-type=\"column\">\n\t\t\t<div class=\"elementor-widget-wrap elementor-element-populated\">\n\t\t\t\t\t\t<div class=\"elementor-element elementor-element-7f4310d elementor-widget elementor-widget-spacer\" data-id=\"7f4310d\" data-element_type=\"widget\" data-e-type=\"widget\" data-widget_type=\"spacer.default\">\n\t\t\t\t<div class=\"elementor-widget-container\">\n\t\t\t\t\t\t\t<div class=\"elementor-spacer\">\n\t\t\t<div class=\"elementor-spacer-inner\"><\/div>\n\t\t<\/div>\n\t\t\t\t\t\t<\/div>\n\t\t\t\t<\/div>\n\t\t\t\t<div class=\"elementor-element elementor-element-f788cbe elementor-align-right elementor-widget elementor-widget-button\" data-id=\"f788cbe\" data-element_type=\"widget\" data-e-type=\"widget\" data-widget_type=\"button.default\">\n\t\t\t\t<div class=\"elementor-widget-container\">\n\t\t\t\t\t\t\t\t\t<div class=\"elementor-button-wrapper\">\n\t\t\t\t\t<a class=\"elementor-button elementor-button-link elementor-size-sm\" href=\"https:\/\/www.novacel-optical.com\/easymax\/\" target=\"_blank\">\n\t\t\t\t\t\t<span class=\"elementor-button-content-wrapper\">\n\t\t\t\t\t\t\t\t\t<span class=\"elementor-button-text\">          <\/span>\n\t\t\t\t\t<\/span>\n\t\t\t\t\t<\/a>\n\t\t\t\t<\/div>\n\t\t\t\t\t\t\t\t<\/div>\n\t\t\t\t<\/div>\n\t\t\t\t<div class=\"elementor-element elementor-element-284e386 elementor-widget elementor-widget-spacer\" data-id=\"284e386\" data-element_type=\"widget\" data-e-type=\"widget\" data-widget_type=\"spacer.default\">\n\t\t\t\t<div class=\"elementor-widget-container\">\n\t\t\t\t\t\t\t<div class=\"elementor-spacer\">\n\t\t\t<div class=\"elementor-spacer-inner\"><\/div>\n\t\t<\/div>\n\t\t\t\t\t\t<\/div>\n\t\t\t\t<\/div>\n\t\t\t\t\t<\/div>\n\t\t<\/div>\n\t\t\t\t\t<\/div>\n\t\t<\/section>\n\t\t\t\t<section class=\"elementor-section elementor-top-section elementor-element elementor-element-da44327 elementor-section-boxed elementor-section-height-default elementor-section-height-default elementor-invisible\" data-id=\"da44327\" data-element_type=\"section\" data-e-type=\"section\" data-settings=\"{&quot;background_background&quot;:&quot;classic&quot;,&quot;animation&quot;:&quot;fadeInUp&quot;}\">\n\t\t\t\t\t\t<div class=\"elementor-container elementor-column-gap-default\">\n\t\t\t\t\t<div class=\"elementor-column elementor-col-33 elementor-top-column elementor-element elementor-element-5b961f2\" data-id=\"5b961f2\" data-element_type=\"column\" data-e-type=\"column\">\n\t\t\t<div class=\"elementor-widget-wrap\">\n\t\t\t\t\t\t\t<\/div>\n\t\t<\/div>\n\t\t\t\t<div class=\"elementor-column elementor-col-33 elementor-top-column elementor-element elementor-element-6adf6fd\" data-id=\"6adf6fd\" data-element_type=\"column\" data-e-type=\"column\" data-settings=\"{&quot;background_background&quot;:&quot;classic&quot;}\">\n\t\t\t<div class=\"elementor-widget-wrap elementor-element-populated\">\n\t\t\t\t\t\t<div class=\"elementor-element elementor-element-8204007 elementor-widget elementor-widget-image\" data-id=\"8204007\" data-element_type=\"widget\" data-e-type=\"widget\" data-widget_type=\"image.default\">\n\t\t\t\t<div class=\"elementor-widget-container\">\n\t\t\t\t\t\t\t\t\t\t\t\t\t\t\t<img decoding=\"async\" src=\"https:\/\/votreavis.novacel-optical.com\/wp-content\/uploads\/elementor\/thumbs\/Fichier-1@2x-piyd0gsoyumbdtjol9hdk8uwri9eyfa2ioplta9em4.png\" title=\"Fichier 1@2x\" alt=\"Fichier 1@2x\" loading=\"lazy\" \/>\t\t\t\t\t\t\t\t\t\t\t\t\t\t\t<\/div>\n\t\t\t\t<\/div>\n\t\t\t\t<div class=\"elementor-element elementor-element-0c6bfdf elementor-widget elementor-widget-heading\" data-id=\"0c6bfdf\" data-element_type=\"widget\" data-e-type=\"widget\" data-widget_type=\"heading.default\">\n\t\t\t\t<div class=\"elementor-widget-container\">\n\t\t\t\t\t<h2 class=\"elementor-heading-title elementor-size-default\">Easy Max\u00ae\n<\/h2>\t\t\t\t<\/div>\n\t\t\t\t<\/div>\n\t\t\t\t<div class=\"elementor-element elementor-element-a8a5ab3 elementor-widget elementor-widget-heading\" data-id=\"a8a5ab3\" data-element_type=\"widget\" data-e-type=\"widget\" data-widget_type=\"heading.default\">\n\t\t\t\t<div class=\"elementor-widget-container\">\n\t\t\t\t\t<h4 class=\"elementor-heading-title elementor-size-default\">Le verre d'interieur maximix\u00e9 pour 100% des activit\u00e9s<\/h4>\t\t\t\t<\/div>\n\t\t\t\t<\/div>\n\t\t\t\t<section class=\"elementor-section elementor-inner-section elementor-element elementor-element-c88c42b elementor-section-boxed elementor-section-height-default elementor-section-height-default\" data-id=\"c88c42b\" data-element_type=\"section\" data-e-type=\"section\">\n\t\t\t\t\t\t<div class=\"elementor-container elementor-column-gap-default\">\n\t\t\t\t\t<div class=\"elementor-column elementor-col-100 elementor-inner-column elementor-element elementor-element-300c2d1\" data-id=\"300c2d1\" data-element_type=\"column\" data-e-type=\"column\">\n\t\t\t<div class=\"elementor-widget-wrap elementor-element-populated\">\n\t\t\t\t\t\t<div class=\"elementor-element elementor-element-cf2cdae elementor-widget elementor-widget-heading\" data-id=\"cf2cdae\" data-element_type=\"widget\" data-e-type=\"widget\" data-widget_type=\"heading.default\">\n\t\t\t\t<div class=\"elementor-widget-container\">\n\t\t\t\t\t<h5 class=\"elementor-heading-title elementor-size-default\">B\u00c9N\u00c9FICES CLIENTS<\/h5>\t\t\t\t<\/div>\n\t\t\t\t<\/div>\n\t\t\t\t<div class=\"elementor-element elementor-element-f331f32 elementor-widget elementor-widget-text-editor\" data-id=\"f331f32\" data-element_type=\"widget\" data-e-type=\"widget\" data-widget_type=\"text-editor.default\">\n\t\t\t\t<div class=\"elementor-widget-container\">\n\t\t\t\t\t\t\t\t\t<p style=\"text-align: center;\">&#8211; Vision de pr\u00e8s optimis\u00e9e<br \/>&#8211; Vision de pr\u00e8s et sur \u00e9cran \u00e9largie<br \/>&#8211; Adaptation simple et facile<br \/>&#8211; Confort maximal<\/p>\t\t\t\t\t\t\t\t<\/div>\n\t\t\t\t<\/div>\n\t\t\t\t\t<\/div>\n\t\t<\/div>\n\t\t\t\t\t<\/div>\n\t\t<\/section>\n\t\t\t\t\t<\/div>\n\t\t<\/div>\n\t\t\t\t<div class=\"elementor-column elementor-col-33 elementor-top-column elementor-element elementor-element-223c622\" data-id=\"223c622\" data-element_type=\"column\" data-e-type=\"column\">\n\t\t\t<div class=\"elementor-widget-wrap\">\n\t\t\t\t\t\t\t<\/div>\n\t\t<\/div>\n\t\t\t\t\t<\/div>\n\t\t<\/section>\n\t\t\t\t<section class=\"elementor-section elementor-top-section elementor-element elementor-element-fb1b2e0 elementor-section-boxed elementor-section-height-default elementor-section-height-default\" data-id=\"fb1b2e0\" data-element_type=\"section\" data-e-type=\"section\">\n\t\t\t\t\t\t<div class=\"elementor-container elementor-column-gap-default\">\n\t\t\t\t\t<div class=\"elementor-column elementor-col-100 elementor-top-column elementor-element elementor-element-9caae3e\" data-id=\"9caae3e\" data-element_type=\"column\" data-e-type=\"column\" data-settings=\"{&quot;background_background&quot;:&quot;classic&quot;}\">\n\t\t\t<div class=\"elementor-widget-wrap elementor-element-populated\">\n\t\t\t\t\t\t<div class=\"elementor-element elementor-element-6f7952d elementor-widget elementor-widget-heading\" data-id=\"6f7952d\" data-element_type=\"widget\" data-e-type=\"widget\" data-widget_type=\"heading.default\">\n\t\t\t\t<div class=\"elementor-widget-container\">\n\t\t\t\t\t<h2 class=\"elementor-heading-title elementor-size-default\">Donnez votre avis<\/h2>\t\t\t\t<\/div>\n\t\t\t\t<\/div>\n\t\t\t\t<div class=\"elementor-element elementor-element-031a654 elementor-view-default elementor-widget elementor-widget-icon\" data-id=\"031a654\" data-element_type=\"widget\" data-e-type=\"widget\" data-widget_type=\"icon.default\">\n\t\t\t\t<div class=\"elementor-widget-container\">\n\t\t\t\t\t\t\t<div class=\"elementor-icon-wrapper\">\n\t\t\t<div class=\"elementor-icon elementor-animation-wobble-vertical\">\n\t\t\t<i aria-hidden=\"true\" class=\"far fa-hand-point-down\"><\/i>\t\t\t<\/div>\n\t\t<\/div>\n\t\t\t\t\t\t<\/div>\n\t\t\t\t<\/div>\n\t\t\t\t\t<\/div>\n\t\t<\/div>\n\t\t\t\t\t<\/div>\n\t\t<\/section>\n\t\t\t\t<section class=\"elementor-section elementor-top-section elementor-element elementor-element-5d58942 elementor-section-boxed elementor-section-height-default elementor-section-height-default\" data-id=\"5d58942\" data-element_type=\"section\" data-e-type=\"section\">\n\t\t\t\t\t\t<div class=\"elementor-container elementor-column-gap-default\">\n\t\t\t\t\t<div class=\"elementor-column elementor-col-100 elementor-top-column elementor-element elementor-element-2fccd8c\" data-id=\"2fccd8c\" data-element_type=\"column\" data-e-type=\"column\">\n\t\t\t<div class=\"elementor-widget-wrap elementor-element-populated\">\n\t\t\t\t\t\t<div class=\"elementor-element elementor-element-4a8254c elementor-widget elementor-widget-html\" data-id=\"4a8254c\" data-element_type=\"widget\" data-e-type=\"widget\" data-widget_type=\"html.default\">\n\t\t\t\t<div class=\"elementor-widget-container\">\n\t\t\t\t\t<iframe src=\"https:\/\/docs.google.com\/forms\/d\/e\/1FAIpQLSf5KdvV3-bOB1MbaVMYGr-WijL3hWZ_mpX5gI3ckzKwWYNeNQ\/viewform?embedded=true\" width=\"640\" height=\"3547\" frameborder=\"0\" marginheight=\"0\" marginwidth=\"0\">Chargement\u2026<\/iframe>\t\t\t\t<\/div>\n\t\t\t\t<\/div>\n\t\t\t\t\t<\/div>\n\t\t<\/div>\n\t\t\t\t\t<\/div>\n\t\t<\/section>\n\t\t\t\t<\/div>\n\t\t","protected":false},"excerpt":{"rendered":"<p>Easy Max\u00ae Le verre d&#8217;interieur maximix\u00e9 pour 100% des activit\u00e9s B\u00c9N\u00c9FICES CLIENTS &#8211; Vision de pr\u00e8s optimis\u00e9e&#8211; Vision de pr\u00e8s et sur \u00e9cran \u00e9largie&#8211; Adaptation simple et facile&#8211; Confort maximal Donnez votre avis Chargement\u2026<\/p>\n","protected":false},"author":1,"featured_media":3425,"parent":0,"menu_order":0,"comment_status":"closed","ping_status":"closed","template":"","meta":{"_uag_custom_page_level_css":"","footnotes":""},"class_list":["post-3423","page","type-page","status-publish","has-post-thumbnail","hentry"],"uagb_featured_image_src":{"full":["https:\/\/votreavis.novacel-optical.com\/wp-content\/uploads\/2024\/04\/Slider_Easy_Max.jpg",1920,900,false],"thumbnail":["https:\/\/votreavis.novacel-optical.com\/wp-content\/uploads\/2024\/04\/Slider_Easy_Max-150x150.jpg",150,150,true],"medium":["https:\/\/votreavis.novacel-optical.com\/wp-content\/uploads\/2024\/04\/Slider_Easy_Max-300x141.jpg",300,141,true],"medium_large":["https:\/\/votreavis.novacel-optical.com\/wp-content\/uploads\/2024\/04\/Slider_Easy_Max-768x360.jpg",768,360,true],"large":["https:\/\/votreavis.novacel-optical.com\/wp-content\/uploads\/2024\/04\/Slider_Easy_Max-1024x480.jpg",1024,480,true],"1536x1536":["https:\/\/votreavis.novacel-optical.com\/wp-content\/uploads\/2024\/04\/Slider_Easy_Max-1536x720.jpg",1536,720,true],"2048x2048":["https:\/\/votreavis.novacel-optical.com\/wp-content\/uploads\/2024\/04\/Slider_Easy_Max.jpg",1920,900,false]},"uagb_author_info":{"display_name":"porteur","author_link":"https:\/\/votreavis.novacel-optical.com\/de\/author\/porteur\/"},"uagb_comment_info":0,"uagb_excerpt":"Easy Max\u00ae Le verre d&#8217;interieur maximix\u00e9 pour 100% des activit\u00e9s B\u00c9N\u00c9FICES CLIENTS &#8211; Vision de pr\u00e8s optimis\u00e9e&#8211; Vision de pr\u00e8s et sur \u00e9cran \u00e9largie&#8211; Adaptation simple et facile&#8211; Confort maximal Donnez votre avis Chargement\u2026","_links":{"self":[{"href":"https:\/\/votreavis.novacel-optical.com\/de\/wp-json\/wp\/v2\/pages\/3423","targetHints":{"allow":["GET"]}}],"collection":[{"href":"https:\/\/votreavis.novacel-optical.com\/de\/wp-json\/wp\/v2\/pages"}],"about":[{"href":"https:\/\/votreavis.novacel-optical.com\/de\/wp-json\/wp\/v2\/types\/page"}],"author":[{"embeddable":true,"href":"https:\/\/votreavis.novacel-optical.com\/de\/wp-json\/wp\/v2\/users\/1"}],"replies":[{"embeddable":true,"href":"https:\/\/votreavis.novacel-optical.com\/de\/wp-json\/wp\/v2\/comments?post=3423"}],"version-history":[{"count":10,"href":"https:\/\/votreavis.novacel-optical.com\/de\/wp-json\/wp\/v2\/pages\/3423\/revisions"}],"predecessor-version":[{"id":3450,"href":"https:\/\/votreavis.novacel-optical.com\/de\/wp-json\/wp\/v2\/pages\/3423\/revisions\/3450"}],"wp:featuredmedia":[{"embeddable":true,"href":"https:\/\/votreavis.novacel-optical.com\/de\/wp-json\/wp\/v2\/media\/3425"}],"wp:attachment":[{"href":"https:\/\/votreavis.novacel-optical.com\/de\/wp-json\/wp\/v2\/media?parent=3423"}],"curies":[{"name":"wp","href":"https:\/\/api.w.org\/{rel}","templated":true}]}}