{"id":3406,"date":"2024-04-19T09:43:08","date_gmt":"2024-04-19T07:43:08","guid":{"rendered":"https:\/\/votreavis.novacel-optical.com\/?page_id=3406"},"modified":"2024-04-19T12:47:42","modified_gmt":"2024-04-19T10:47:42","slug":"neo-perfect-prime","status":"publish","type":"page","link":"https:\/\/votreavis.novacel-optical.com\/de\/neo-perfect-prime\/","title":{"rendered":"Neo Perfect prime"},"content":{"rendered":"\t\t<div data-elementor-type=\"wp-page\" data-elementor-id=\"3406\" class=\"elementor elementor-3406\" data-elementor-post-type=\"page\">\n\t\t\t\t\t\t<section class=\"elementor-section elementor-top-section elementor-element elementor-element-7243 animated-slow elementor-section-full_width elementor-section-stretched elementor-section-height-default elementor-section-height-default elementor-invisible\" data-id=\"7243\" data-element_type=\"section\" data-e-type=\"section\" data-settings=\"{&quot;background_background&quot;:&quot;classic&quot;,&quot;animation&quot;:&quot;fadeIn&quot;,&quot;stretch_section&quot;:&quot;section-stretched&quot;}\">\n\t\t\t\t\t\t<div class=\"elementor-container elementor-column-gap-default\">\n\t\t\t\t\t<div class=\"elementor-column elementor-col-100 elementor-top-column elementor-element elementor-element-3bf2\" data-id=\"3bf2\" data-element_type=\"column\" data-e-type=\"column\">\n\t\t\t<div class=\"elementor-widget-wrap elementor-element-populated\">\n\t\t\t\t\t\t<div class=\"elementor-element elementor-element-4354 elementor-widget elementor-widget-spacer\" data-id=\"4354\" data-element_type=\"widget\" data-e-type=\"widget\" data-widget_type=\"spacer.default\">\n\t\t\t\t<div class=\"elementor-widget-container\">\n\t\t\t\t\t\t\t<div class=\"elementor-spacer\">\n\t\t\t<div class=\"elementor-spacer-inner\"><\/div>\n\t\t<\/div>\n\t\t\t\t\t\t<\/div>\n\t\t\t\t<\/div>\n\t\t\t\t<div class=\"elementor-element elementor-element-158ec64 elementor-widget elementor-widget-spacer\" data-id=\"158ec64\" data-element_type=\"widget\" data-e-type=\"widget\" data-widget_type=\"spacer.default\">\n\t\t\t\t<div class=\"elementor-widget-container\">\n\t\t\t\t\t\t\t<div class=\"elementor-spacer\">\n\t\t\t<div class=\"elementor-spacer-inner\"><\/div>\n\t\t<\/div>\n\t\t\t\t\t\t<\/div>\n\t\t\t\t<\/div>\n\t\t\t\t\t<\/div>\n\t\t<\/div>\n\t\t\t\t\t<\/div>\n\t\t<\/section>\n\t\t\t\t<section class=\"elementor-section elementor-top-section elementor-element elementor-element-1e16 elementor-section-boxed elementor-section-height-default elementor-section-height-default elementor-invisible\" data-id=\"1e16\" data-element_type=\"section\" data-e-type=\"section\" data-settings=\"{&quot;background_background&quot;:&quot;classic&quot;,&quot;animation&quot;:&quot;fadeInUp&quot;}\">\n\t\t\t\t\t\t<div class=\"elementor-container elementor-column-gap-default\">\n\t\t\t\t\t<div class=\"elementor-column elementor-col-33 elementor-top-column elementor-element elementor-element-40c0\" data-id=\"40c0\" data-element_type=\"column\" data-e-type=\"column\">\n\t\t\t<div class=\"elementor-widget-wrap\">\n\t\t\t\t\t\t\t<\/div>\n\t\t<\/div>\n\t\t\t\t<div class=\"elementor-column elementor-col-33 elementor-top-column elementor-element elementor-element-67d8\" data-id=\"67d8\" data-element_type=\"column\" data-e-type=\"column\" data-settings=\"{&quot;background_background&quot;:&quot;classic&quot;}\">\n\t\t\t<div class=\"elementor-widget-wrap elementor-element-populated\">\n\t\t\t\t\t\t<div class=\"elementor-element elementor-element-41f9 elementor-widget elementor-widget-image\" data-id=\"41f9\" data-element_type=\"widget\" data-e-type=\"widget\" data-widget_type=\"image.default\">\n\t\t\t\t<div class=\"elementor-widget-container\">\n\t\t\t\t\t\t\t\t\t\t\t\t\t\t\t<img decoding=\"async\" src=\"https:\/\/votreavis.novacel-optical.com\/wp-content\/uploads\/elementor\/thumbs\/Fichier-1@2x-piyd0gsoyumbdtjol9hdk8uwri9eyfa2ioplta9em4.png\" title=\"Fichier 1@2x\" alt=\"Fichier 1@2x\" loading=\"lazy\" \/>\t\t\t\t\t\t\t\t\t\t\t\t\t\t\t<\/div>\n\t\t\t\t<\/div>\n\t\t\t\t<div class=\"elementor-element elementor-element-e5ac8a5 elementor-widget elementor-widget-heading\" data-id=\"e5ac8a5\" data-element_type=\"widget\" data-e-type=\"widget\" data-widget_type=\"heading.default\">\n\t\t\t\t<div class=\"elementor-widget-container\">\n\t\t\t\t\t<h2 class=\"elementor-heading-title elementor-size-default\">N\u00c9O PERFECT PRIME<\/h2>\t\t\t\t<\/div>\n\t\t\t\t<\/div>\n\t\t\t\t<div class=\"elementor-element elementor-element-253e elementor-widget elementor-widget-heading\" data-id=\"253e\" data-element_type=\"widget\" data-e-type=\"widget\" data-widget_type=\"heading.default\">\n\t\t\t\t<div class=\"elementor-widget-container\">\n\t\t\t\t\t<h3 class=\"elementor-heading-title elementor-size-default\">L'EXCELLENCE VISUELLE SANS COMPROMIS<\/h3>\t\t\t\t<\/div>\n\t\t\t\t<\/div>\n\t\t\t\t<div class=\"elementor-element elementor-element-6f9f elementor-widget elementor-widget-heading\" data-id=\"6f9f\" data-element_type=\"widget\" data-e-type=\"widget\" data-widget_type=\"heading.default\">\n\t\t\t\t<div class=\"elementor-widget-container\">\n\t\t\t\t\t<h4 class=\"elementor-heading-title elementor-size-default\">B\u00c9N\u00c9FICES CLIENTS<\/h4>\t\t\t\t<\/div>\n\t\t\t\t<\/div>\n\t\t\t\t<section class=\"elementor-section elementor-inner-section elementor-element elementor-element-66bb elementor-section-boxed elementor-section-height-default elementor-section-height-default\" data-id=\"66bb\" data-element_type=\"section\" data-e-type=\"section\">\n\t\t\t\t\t\t<div class=\"elementor-container elementor-column-gap-default\">\n\t\t\t\t\t<div class=\"elementor-column elementor-col-100 elementor-inner-column elementor-element elementor-element-574a\" data-id=\"574a\" data-element_type=\"column\" data-e-type=\"column\">\n\t\t\t<div class=\"elementor-widget-wrap elementor-element-populated\">\n\t\t\t\t\t\t<div class=\"elementor-element elementor-element-4b5 elementor-widget elementor-widget-text-editor\" data-id=\"4b5\" data-element_type=\"widget\" data-e-type=\"widget\" data-widget_type=\"text-editor.default\">\n\t\t\t\t<div class=\"elementor-widget-container\">\n\t\t\t\t\t\t\t\t\t<div class=\"elementor-element elementor-element-87d6dad elementor-widget elementor-widget-text-editor\" data-id=\"87d6dad\" data-element_type=\"widget\" data-widget_type=\"text-editor.default\"><div class=\"elementor-widget-container\"><p><strong>Minimisation des aberrations obliques<\/strong><br \/>Sur tout le champ de vision<br \/><strong>Personnalisation maximale<br \/><\/strong>Pour toutes les distances de travail<br \/><strong>Une qualit\u00e9 de vision irr\u00e9prochable<br \/><\/strong>Pour toutes les directions de regard<br \/><strong>Optimisation dans l\u2019espace<br \/><\/strong>Objet accommodatif<\/p><\/div><\/div>\t\t\t\t\t\t\t\t<\/div>\n\t\t\t\t<\/div>\n\t\t\t\t\t<\/div>\n\t\t<\/div>\n\t\t\t\t\t<\/div>\n\t\t<\/section>\n\t\t\t\t\t<\/div>\n\t\t<\/div>\n\t\t\t\t<div class=\"elementor-column elementor-col-33 elementor-top-column elementor-element elementor-element-3731\" data-id=\"3731\" data-element_type=\"column\" data-e-type=\"column\">\n\t\t\t<div class=\"elementor-widget-wrap\">\n\t\t\t\t\t\t\t<\/div>\n\t\t<\/div>\n\t\t\t\t\t<\/div>\n\t\t<\/section>\n\t\t\t\t<section class=\"elementor-section elementor-top-section elementor-element elementor-element-a47ec5a elementor-section-boxed elementor-section-height-default elementor-section-height-default\" data-id=\"a47ec5a\" data-element_type=\"section\" data-e-type=\"section\">\n\t\t\t\t\t\t<div class=\"elementor-container elementor-column-gap-default\">\n\t\t\t\t\t<div class=\"elementor-column elementor-col-100 elementor-top-column elementor-element elementor-element-8bb52f3\" data-id=\"8bb52f3\" data-element_type=\"column\" data-e-type=\"column\" data-settings=\"{&quot;background_background&quot;:&quot;classic&quot;}\">\n\t\t\t<div class=\"elementor-widget-wrap elementor-element-populated\">\n\t\t\t\t\t\t<div class=\"elementor-element elementor-element-db668be elementor-widget elementor-widget-heading\" data-id=\"db668be\" data-element_type=\"widget\" data-e-type=\"widget\" data-widget_type=\"heading.default\">\n\t\t\t\t<div class=\"elementor-widget-container\">\n\t\t\t\t\t<h2 class=\"elementor-heading-title elementor-size-default\">Donnez votre avis<\/h2>\t\t\t\t<\/div>\n\t\t\t\t<\/div>\n\t\t\t\t<div class=\"elementor-element elementor-element-6ebd667 elementor-view-default elementor-widget elementor-widget-icon\" data-id=\"6ebd667\" data-element_type=\"widget\" data-e-type=\"widget\" data-widget_type=\"icon.default\">\n\t\t\t\t<div class=\"elementor-widget-container\">\n\t\t\t\t\t\t\t<div class=\"elementor-icon-wrapper\">\n\t\t\t<div class=\"elementor-icon elementor-animation-wobble-vertical\">\n\t\t\t<i aria-hidden=\"true\" class=\"far fa-hand-point-down\"><\/i>\t\t\t<\/div>\n\t\t<\/div>\n\t\t\t\t\t\t<\/div>\n\t\t\t\t<\/div>\n\t\t\t\t<div class=\"elementor-element elementor-element-3c8d5f1 elementor-widget elementor-widget-spacer\" data-id=\"3c8d5f1\" data-element_type=\"widget\" data-e-type=\"widget\" data-widget_type=\"spacer.default\">\n\t\t\t\t<div class=\"elementor-widget-container\">\n\t\t\t\t\t\t\t<div class=\"elementor-spacer\">\n\t\t\t<div class=\"elementor-spacer-inner\"><\/div>\n\t\t<\/div>\n\t\t\t\t\t\t<\/div>\n\t\t\t\t<\/div>\n\t\t\t\t\t<\/div>\n\t\t<\/div>\n\t\t\t\t\t<\/div>\n\t\t<\/section>\n\t\t\t\t<section class=\"elementor-section elementor-top-section elementor-element elementor-element-c861f37 elementor-section-boxed elementor-section-height-default elementor-section-height-default\" data-id=\"c861f37\" data-element_type=\"section\" data-e-type=\"section\">\n\t\t\t\t\t\t<div class=\"elementor-container elementor-column-gap-default\">\n\t\t\t\t\t<div class=\"elementor-column elementor-col-100 elementor-top-column elementor-element elementor-element-9f69852\" data-id=\"9f69852\" data-element_type=\"column\" data-e-type=\"column\">\n\t\t\t<div class=\"elementor-widget-wrap elementor-element-populated\">\n\t\t\t\t\t\t<div class=\"elementor-element elementor-element-45109a2 elementor-widget elementor-widget-html\" data-id=\"45109a2\" data-element_type=\"widget\" data-e-type=\"widget\" data-widget_type=\"html.default\">\n\t\t\t\t<div class=\"elementor-widget-container\">\n\t\t\t\t\t<iframe src=\"https:\/\/docs.google.com\/forms\/d\/e\/1FAIpQLScdckYNUg7DXd-Q4kbdb6n7T90ScPrYGRfyPPuI51-Pd0-84g\/viewform\" width=\"640\" height=\"3547\" frameborder=\"0\" marginheight=\"0\" marginwidth=\"0\">Chargement\u2026<\/iframe>\t\t\t\t<\/div>\n\t\t\t\t<\/div>\n\t\t\t\t\t<\/div>\n\t\t<\/div>\n\t\t\t\t\t<\/div>\n\t\t<\/section>\n\t\t\t\t<\/div>\n\t\t","protected":false},"excerpt":{"rendered":"<p>N\u00c9O PERFECT PRIME L&#8217;EXCELLENCE VISUELLE SANS COMPROMIS B\u00c9N\u00c9FICES CLIENTS Minimisation des aberrations obliquesSur tout le champ de visionPersonnalisation maximalePour toutes les distances de travailUne qualit\u00e9 de vision irr\u00e9prochablePour toutes les directions de regardOptimisation dans l\u2019espaceObjet accommodatif Donnez votre avis Chargement\u2026<\/p>\n","protected":false},"author":1,"featured_media":3075,"parent":0,"menu_order":0,"comment_status":"closed","ping_status":"closed","template":"","meta":{"_uag_custom_page_level_css":"","footnotes":""},"class_list":["post-3406","page","type-page","status-publish","has-post-thumbnail","hentry"],"uagb_featured_image_src":{"full":["https:\/\/votreavis.novacel-optical.com\/wp-content\/uploads\/2021\/12\/neoperfectslide-1661x1024-1.jpg",1661,1024,false],"thumbnail":["https:\/\/votreavis.novacel-optical.com\/wp-content\/uploads\/2021\/12\/neoperfectslide-1661x1024-1-150x150.jpg",150,150,true],"medium":["https:\/\/votreavis.novacel-optical.com\/wp-content\/uploads\/2021\/12\/neoperfectslide-1661x1024-1-300x185.jpg",300,185,true],"medium_large":["https:\/\/votreavis.novacel-optical.com\/wp-content\/uploads\/2021\/12\/neoperfectslide-1661x1024-1-768x473.jpg",768,473,true],"large":["https:\/\/votreavis.novacel-optical.com\/wp-content\/uploads\/2021\/12\/neoperfectslide-1661x1024-1-1024x631.jpg",1024,631,true],"1536x1536":["https:\/\/votreavis.novacel-optical.com\/wp-content\/uploads\/2021\/12\/neoperfectslide-1661x1024-1-1536x947.jpg",1536,947,true],"2048x2048":["https:\/\/votreavis.novacel-optical.com\/wp-content\/uploads\/2021\/12\/neoperfectslide-1661x1024-1.jpg",1661,1024,false]},"uagb_author_info":{"display_name":"porteur","author_link":"https:\/\/votreavis.novacel-optical.com\/de\/author\/porteur\/"},"uagb_comment_info":0,"uagb_excerpt":"N\u00c9O PERFECT PRIME L&#8217;EXCELLENCE VISUELLE SANS COMPROMIS B\u00c9N\u00c9FICES CLIENTS Minimisation des aberrations obliquesSur tout le champ de visionPersonnalisation maximalePour toutes les distances de travailUne qualit\u00e9 de vision irr\u00e9prochablePour toutes les directions de regardOptimisation dans l\u2019espaceObjet accommodatif Donnez votre avis Chargement\u2026","_links":{"self":[{"href":"https:\/\/votreavis.novacel-optical.com\/de\/wp-json\/wp\/v2\/pages\/3406","targetHints":{"allow":["GET"]}}],"collection":[{"href":"https:\/\/votreavis.novacel-optical.com\/de\/wp-json\/wp\/v2\/pages"}],"about":[{"href":"https:\/\/votreavis.novacel-optical.com\/de\/wp-json\/wp\/v2\/types\/page"}],"author":[{"embeddable":true,"href":"https:\/\/votreavis.novacel-optical.com\/de\/wp-json\/wp\/v2\/users\/1"}],"replies":[{"embeddable":true,"href":"https:\/\/votreavis.novacel-optical.com\/de\/wp-json\/wp\/v2\/comments?post=3406"}],"version-history":[{"count":7,"href":"https:\/\/votreavis.novacel-optical.com\/de\/wp-json\/wp\/v2\/pages\/3406\/revisions"}],"predecessor-version":[{"id":3439,"href":"https:\/\/votreavis.novacel-optical.com\/de\/wp-json\/wp\/v2\/pages\/3406\/revisions\/3439"}],"wp:featuredmedia":[{"embeddable":true,"href":"https:\/\/votreavis.novacel-optical.com\/de\/wp-json\/wp\/v2\/media\/3075"}],"wp:attachment":[{"href":"https:\/\/votreavis.novacel-optical.com\/de\/wp-json\/wp\/v2\/media?parent=3406"}],"curies":[{"name":"wp","href":"https:\/\/api.w.org\/{rel}","templated":true}]}}