{"id":3073,"date":"2021-12-10T16:27:45","date_gmt":"2021-12-10T15:27:45","guid":{"rendered":"http:\/\/votreavis.novacel-optical.com\/?page_id=3073"},"modified":"2021-12-30T15:02:26","modified_gmt":"2021-12-30T14:02:26","slug":"neo-perfect","status":"publish","type":"page","link":"https:\/\/votreavis.novacel-optical.com\/de\/neo-perfect\/","title":{"rendered":"Neo Perfect"},"content":{"rendered":"\t\t<div data-elementor-type=\"wp-page\" data-elementor-id=\"3073\" class=\"elementor elementor-3073\" data-elementor-post-type=\"page\">\n\t\t\t\t\t\t<section class=\"elementor-section elementor-top-section elementor-element elementor-element-7243 animated-slow elementor-section-full_width elementor-section-stretched elementor-section-height-default elementor-section-height-default elementor-invisible\" data-id=\"7243\" data-element_type=\"section\" data-e-type=\"section\" data-settings=\"{&quot;background_background&quot;:&quot;classic&quot;,&quot;animation&quot;:&quot;fadeIn&quot;,&quot;stretch_section&quot;:&quot;section-stretched&quot;}\">\n\t\t\t\t\t\t<div class=\"elementor-container elementor-column-gap-default\">\n\t\t\t\t\t<div class=\"elementor-column elementor-col-100 elementor-top-column elementor-element elementor-element-3bf2\" data-id=\"3bf2\" data-element_type=\"column\" data-e-type=\"column\">\n\t\t\t<div class=\"elementor-widget-wrap elementor-element-populated\">\n\t\t\t\t\t\t<div class=\"elementor-element elementor-element-4354 elementor-widget elementor-widget-spacer\" data-id=\"4354\" data-element_type=\"widget\" data-e-type=\"widget\" data-widget_type=\"spacer.default\">\n\t\t\t\t<div class=\"elementor-widget-container\">\n\t\t\t\t\t\t\t<div class=\"elementor-spacer\">\n\t\t\t<div class=\"elementor-spacer-inner\"><\/div>\n\t\t<\/div>\n\t\t\t\t\t\t<\/div>\n\t\t\t\t<\/div>\n\t\t\t\t<div class=\"elementor-element elementor-element-72fd elementor-widget elementor-widget-spacer\" data-id=\"72fd\" data-element_type=\"widget\" data-e-type=\"widget\" data-widget_type=\"spacer.default\">\n\t\t\t\t<div class=\"elementor-widget-container\">\n\t\t\t\t\t\t\t<div class=\"elementor-spacer\">\n\t\t\t<div class=\"elementor-spacer-inner\"><\/div>\n\t\t<\/div>\n\t\t\t\t\t\t<\/div>\n\t\t\t\t<\/div>\n\t\t\t\t\t<\/div>\n\t\t<\/div>\n\t\t\t\t\t<\/div>\n\t\t<\/section>\n\t\t\t\t<section class=\"elementor-section elementor-top-section elementor-element elementor-element-1e16 elementor-section-boxed elementor-section-height-default elementor-section-height-default elementor-invisible\" data-id=\"1e16\" data-element_type=\"section\" data-e-type=\"section\" data-settings=\"{&quot;background_background&quot;:&quot;classic&quot;,&quot;animation&quot;:&quot;fadeInUp&quot;}\">\n\t\t\t\t\t\t<div class=\"elementor-container elementor-column-gap-default\">\n\t\t\t\t\t<div class=\"elementor-column elementor-col-33 elementor-top-column elementor-element elementor-element-40c0\" data-id=\"40c0\" data-element_type=\"column\" data-e-type=\"column\">\n\t\t\t<div class=\"elementor-widget-wrap\">\n\t\t\t\t\t\t\t<\/div>\n\t\t<\/div>\n\t\t\t\t<div class=\"elementor-column elementor-col-33 elementor-top-column elementor-element elementor-element-67d8\" data-id=\"67d8\" data-element_type=\"column\" data-e-type=\"column\" data-settings=\"{&quot;background_background&quot;:&quot;classic&quot;}\">\n\t\t\t<div class=\"elementor-widget-wrap elementor-element-populated\">\n\t\t\t\t\t\t<div class=\"elementor-element elementor-element-41f9 elementor-widget elementor-widget-image\" data-id=\"41f9\" data-element_type=\"widget\" data-e-type=\"widget\" data-widget_type=\"image.default\">\n\t\t\t\t<div class=\"elementor-widget-container\">\n\t\t\t\t\t\t\t\t\t\t\t\t\t\t\t<img decoding=\"async\" src=\"https:\/\/votreavis.novacel-optical.com\/wp-content\/uploads\/elementor\/thumbs\/Fichier-1@2x-piyd0gsoyumbdtjol9hdk8uwri9eyfa2ioplta9em4.png\" title=\"Fichier 1@2x\" alt=\"Fichier 1@2x\" loading=\"lazy\" \/>\t\t\t\t\t\t\t\t\t\t\t\t\t\t\t<\/div>\n\t\t\t\t<\/div>\n\t\t\t\t<div class=\"elementor-element elementor-element-e5ac8a5 elementor-widget elementor-widget-heading\" data-id=\"e5ac8a5\" data-element_type=\"widget\" data-e-type=\"widget\" data-widget_type=\"heading.default\">\n\t\t\t\t<div class=\"elementor-widget-container\">\n\t\t\t\t\t<h2 class=\"elementor-heading-title elementor-size-default\">N\u00c9O PERFECT<\/h2>\t\t\t\t<\/div>\n\t\t\t\t<\/div>\n\t\t\t\t<div class=\"elementor-element elementor-element-253e elementor-widget elementor-widget-heading\" data-id=\"253e\" data-element_type=\"widget\" data-e-type=\"widget\" data-widget_type=\"heading.default\">\n\t\t\t\t<div class=\"elementor-widget-container\">\n\t\t\t\t\t<h3 class=\"elementor-heading-title elementor-size-default\">Verre unifocal free-form point par point<br><\/h3>\t\t\t\t<\/div>\n\t\t\t\t<\/div>\n\t\t\t\t<div class=\"elementor-element elementor-element-6f9f elementor-widget elementor-widget-heading\" data-id=\"6f9f\" data-element_type=\"widget\" data-e-type=\"widget\" data-widget_type=\"heading.default\">\n\t\t\t\t<div class=\"elementor-widget-container\">\n\t\t\t\t\t<h4 class=\"elementor-heading-title elementor-size-default\">B\u00c9N\u00c9FICES CLIENTS<\/h4>\t\t\t\t<\/div>\n\t\t\t\t<\/div>\n\t\t\t\t<section class=\"elementor-section elementor-inner-section elementor-element elementor-element-66bb elementor-section-boxed elementor-section-height-default elementor-section-height-default\" data-id=\"66bb\" data-element_type=\"section\" data-e-type=\"section\">\n\t\t\t\t\t\t<div class=\"elementor-container elementor-column-gap-default\">\n\t\t\t\t\t<div class=\"elementor-column elementor-col-100 elementor-inner-column elementor-element elementor-element-574a\" data-id=\"574a\" data-element_type=\"column\" data-e-type=\"column\">\n\t\t\t<div class=\"elementor-widget-wrap elementor-element-populated\">\n\t\t\t\t\t\t<div class=\"elementor-element elementor-element-4b5 elementor-widget elementor-widget-text-editor\" data-id=\"4b5\" data-element_type=\"widget\" data-e-type=\"widget\" data-widget_type=\"text-editor.default\">\n\t\t\t\t<div class=\"elementor-widget-container\">\n\t\t\t\t\t\t\t\t\t<p>&#8211; Vision HD et nette \u00e0 toutes les distances<br \/>&#8211; Id\u00e9al pour les verres de moyennes \u00e0 fortes puissances<br \/>&#8211; Libert\u00e9 de mouvement de t\u00eate<\/p>\t\t\t\t\t\t\t\t<\/div>\n\t\t\t\t<\/div>\n\t\t\t\t\t<\/div>\n\t\t<\/div>\n\t\t\t\t\t<\/div>\n\t\t<\/section>\n\t\t\t\t\t<\/div>\n\t\t<\/div>\n\t\t\t\t<div class=\"elementor-column elementor-col-33 elementor-top-column elementor-element elementor-element-3731\" data-id=\"3731\" data-element_type=\"column\" data-e-type=\"column\">\n\t\t\t<div class=\"elementor-widget-wrap\">\n\t\t\t\t\t\t\t<\/div>\n\t\t<\/div>\n\t\t\t\t\t<\/div>\n\t\t<\/section>\n\t\t\t\t<section class=\"elementor-section elementor-top-section elementor-element elementor-element-a47ec5a elementor-section-boxed elementor-section-height-default elementor-section-height-default\" data-id=\"a47ec5a\" data-element_type=\"section\" data-e-type=\"section\">\n\t\t\t\t\t\t<div class=\"elementor-container elementor-column-gap-default\">\n\t\t\t\t\t<div class=\"elementor-column elementor-col-100 elementor-top-column elementor-element elementor-element-8bb52f3\" data-id=\"8bb52f3\" data-element_type=\"column\" data-e-type=\"column\" data-settings=\"{&quot;background_background&quot;:&quot;classic&quot;}\">\n\t\t\t<div class=\"elementor-widget-wrap elementor-element-populated\">\n\t\t\t\t\t\t<div class=\"elementor-element elementor-element-db668be elementor-widget elementor-widget-heading\" data-id=\"db668be\" data-element_type=\"widget\" data-e-type=\"widget\" data-widget_type=\"heading.default\">\n\t\t\t\t<div class=\"elementor-widget-container\">\n\t\t\t\t\t<h2 class=\"elementor-heading-title elementor-size-default\">Donnez votre avis<\/h2>\t\t\t\t<\/div>\n\t\t\t\t<\/div>\n\t\t\t\t<div class=\"elementor-element elementor-element-6ebd667 elementor-view-default elementor-widget elementor-widget-icon\" data-id=\"6ebd667\" data-element_type=\"widget\" data-e-type=\"widget\" data-widget_type=\"icon.default\">\n\t\t\t\t<div class=\"elementor-widget-container\">\n\t\t\t\t\t\t\t<div class=\"elementor-icon-wrapper\">\n\t\t\t<div class=\"elementor-icon elementor-animation-wobble-vertical\">\n\t\t\t<i aria-hidden=\"true\" class=\"far fa-hand-point-down\"><\/i>\t\t\t<\/div>\n\t\t<\/div>\n\t\t\t\t\t\t<\/div>\n\t\t\t\t<\/div>\n\t\t\t\t<div class=\"elementor-element elementor-element-3c8d5f1 elementor-widget elementor-widget-spacer\" data-id=\"3c8d5f1\" data-element_type=\"widget\" data-e-type=\"widget\" data-widget_type=\"spacer.default\">\n\t\t\t\t<div class=\"elementor-widget-container\">\n\t\t\t\t\t\t\t<div class=\"elementor-spacer\">\n\t\t\t<div class=\"elementor-spacer-inner\"><\/div>\n\t\t<\/div>\n\t\t\t\t\t\t<\/div>\n\t\t\t\t<\/div>\n\t\t\t\t\t<\/div>\n\t\t<\/div>\n\t\t\t\t\t<\/div>\n\t\t<\/section>\n\t\t\t\t<section class=\"elementor-section elementor-top-section elementor-element elementor-element-7e8f elementor-section-boxed elementor-section-height-default elementor-section-height-default\" data-id=\"7e8f\" data-element_type=\"section\" data-e-type=\"section\" data-settings=\"{&quot;animation&quot;:&quot;none&quot;,&quot;background_background&quot;:&quot;classic&quot;}\">\n\t\t\t\t\t\t<div class=\"elementor-container elementor-column-gap-default\">\n\t\t\t\t\t<div class=\"elementor-column elementor-col-100 elementor-top-column elementor-element elementor-element-59ee\" data-id=\"59ee\" data-element_type=\"column\" data-e-type=\"column\" data-settings=\"{&quot;animation&quot;:&quot;none&quot;}\">\n\t\t\t<div class=\"elementor-widget-wrap elementor-element-populated\">\n\t\t\t\t\t\t<div class=\"elementor-element elementor-element-1b69 elementor-widget elementor-widget-shortcode\" data-id=\"1b69\" data-element_type=\"widget\" data-e-type=\"widget\" data-settings=\"{&quot;_animation&quot;:&quot;none&quot;}\" data-widget_type=\"shortcode.default\">\n\t\t\t\t<div class=\"elementor-widget-container\">\n\t\t\t\t\t\t\t<div class=\"elementor-shortcode\"><iframe src=\"https:\/\/docs.google.com\/forms\/d\/e\/1FAIpQLSe2ZEGN-bb5ARzalxeOvEK8T8o6Au8q3FoKYVG30Fb5u24yMA\/viewform?embedded=true\" width=\"640\" height=\"3547\" frameborder=\"0\" marginheight=\"0\" marginwidth=\"0\">Chargement\u2026<\/iframe><\/div>\n\t\t\t\t\t\t<\/div>\n\t\t\t\t<\/div>\n\t\t\t\t\t<\/div>\n\t\t<\/div>\n\t\t\t\t\t<\/div>\n\t\t<\/section>\n\t\t\t\t<\/div>\n\t\t","protected":false},"excerpt":{"rendered":"<p>N\u00c9O PERFECT Verre unifocal free-form point par point B\u00c9N\u00c9FICES CLIENTS &#8211; Vision HD et nette \u00e0 toutes les distances&#8211; Id\u00e9al pour les verres de moyennes \u00e0 fortes puissances&#8211; Libert\u00e9 de mouvement de t\u00eate Donnez votre avis Chargement\u2026<\/p>\n","protected":false},"author":1,"featured_media":3075,"parent":0,"menu_order":0,"comment_status":"closed","ping_status":"closed","template":"","meta":{"_uag_custom_page_level_css":"","footnotes":""},"class_list":["post-3073","page","type-page","status-publish","has-post-thumbnail","hentry"],"uagb_featured_image_src":{"full":["https:\/\/votreavis.novacel-optical.com\/wp-content\/uploads\/2021\/12\/neoperfectslide-1661x1024-1.jpg",1661,1024,false],"thumbnail":["https:\/\/votreavis.novacel-optical.com\/wp-content\/uploads\/2021\/12\/neoperfectslide-1661x1024-1-150x150.jpg",150,150,true],"medium":["https:\/\/votreavis.novacel-optical.com\/wp-content\/uploads\/2021\/12\/neoperfectslide-1661x1024-1-300x185.jpg",300,185,true],"medium_large":["https:\/\/votreavis.novacel-optical.com\/wp-content\/uploads\/2021\/12\/neoperfectslide-1661x1024-1-768x473.jpg",768,473,true],"large":["https:\/\/votreavis.novacel-optical.com\/wp-content\/uploads\/2021\/12\/neoperfectslide-1661x1024-1-1024x631.jpg",1024,631,true],"1536x1536":["https:\/\/votreavis.novacel-optical.com\/wp-content\/uploads\/2021\/12\/neoperfectslide-1661x1024-1-1536x947.jpg",1536,947,true],"2048x2048":["https:\/\/votreavis.novacel-optical.com\/wp-content\/uploads\/2021\/12\/neoperfectslide-1661x1024-1.jpg",1661,1024,false]},"uagb_author_info":{"display_name":"porteur","author_link":"https:\/\/votreavis.novacel-optical.com\/de\/author\/porteur\/"},"uagb_comment_info":0,"uagb_excerpt":"N\u00c9O PERFECT Verre unifocal free-form point par point B\u00c9N\u00c9FICES CLIENTS &#8211; Vision HD et nette \u00e0 toutes les distances&#8211; Id\u00e9al pour les verres de moyennes \u00e0 fortes puissances&#8211; Libert\u00e9 de mouvement de t\u00eate Donnez votre avis Chargement\u2026","_links":{"self":[{"href":"https:\/\/votreavis.novacel-optical.com\/de\/wp-json\/wp\/v2\/pages\/3073","targetHints":{"allow":["GET"]}}],"collection":[{"href":"https:\/\/votreavis.novacel-optical.com\/de\/wp-json\/wp\/v2\/pages"}],"about":[{"href":"https:\/\/votreavis.novacel-optical.com\/de\/wp-json\/wp\/v2\/types\/page"}],"author":[{"embeddable":true,"href":"https:\/\/votreavis.novacel-optical.com\/de\/wp-json\/wp\/v2\/users\/1"}],"replies":[{"embeddable":true,"href":"https:\/\/votreavis.novacel-optical.com\/de\/wp-json\/wp\/v2\/comments?post=3073"}],"version-history":[{"count":7,"href":"https:\/\/votreavis.novacel-optical.com\/de\/wp-json\/wp\/v2\/pages\/3073\/revisions"}],"predecessor-version":[{"id":3254,"href":"https:\/\/votreavis.novacel-optical.com\/de\/wp-json\/wp\/v2\/pages\/3073\/revisions\/3254"}],"wp:featuredmedia":[{"embeddable":true,"href":"https:\/\/votreavis.novacel-optical.com\/de\/wp-json\/wp\/v2\/media\/3075"}],"wp:attachment":[{"href":"https:\/\/votreavis.novacel-optical.com\/de\/wp-json\/wp\/v2\/media?parent=3073"}],"curies":[{"name":"wp","href":"https:\/\/api.w.org\/{rel}","templated":true}]}}